{"id":11552,"date":"2023-11-09T11:47:36","date_gmt":"2023-11-09T11:47:36","guid":{"rendered":"https:\/\/spoonity.wpenginepowered.com\/contacto\/"},"modified":"2026-04-08T16:03:14","modified_gmt":"2026-04-08T16:03:14","slug":"contacto","status":"publish","type":"page","link":"https:\/\/www.spoonity.com\/es\/contacto\/","title":{"rendered":"Contacto"},"content":{"rendered":"\t\t<div data-elementor-type=\"wp-page\" data-elementor-id=\"11552\" class=\"elementor elementor-11552 elementor-4580\" data-elementor-post-type=\"page\">\n\t\t\t\t<div class=\"elementor-element elementor-element-eafd4ab e-con-full elementor-hidden-mobile e-flex e-con e-parent\" data-id=\"eafd4ab\" data-element_type=\"container\" data-e-type=\"container\" data-settings=\"{&quot;jet_parallax_layout_list&quot;:[]}\">\n\t\t<div class=\"elementor-element elementor-element-938b2dc e-con-full e-flex e-con e-child\" data-id=\"938b2dc\" data-element_type=\"container\" data-e-type=\"container\" data-settings=\"{&quot;jet_parallax_layout_list&quot;:[]}\">\n\t\t\t\t<div class=\"elementor-element elementor-element-20554e0 elementor-absolute elementor-widget elementor-widget-image\" data-id=\"20554e0\" data-element_type=\"widget\" data-e-type=\"widget\" data-settings=\"{&quot;_position&quot;:&quot;absolute&quot;}\" data-widget_type=\"image.default\">\n\t\t\t\t<div class=\"elementor-widget-container\">\n\t\t\t\t\t\t\t\t\t\t\t\t\t\t\t<img title=\"Spoonity Use Your Gift Card Program Desktop | Tarjetas De Regalo\" loading=\"lazy\" decoding=\"async\" width=\"800\" height=\"554\" src=\"https:\/\/www.spoonity.com\/wp-content\/uploads\/2023\/11\/spoonity-use-your-gift-card-program-desktop-1024x709.png\" class=\"attachment-large size-large wp-image-9130\" alt=\"Spoonity Use Your Gift Card Program Desktop | Tarjetas De Regalo\" srcset=\"https:\/\/www.spoonity.com\/wp-content\/uploads\/2023\/11\/spoonity-use-your-gift-card-program-desktop-1024x709.png 1024w, https:\/\/www.spoonity.com\/wp-content\/uploads\/2023\/11\/spoonity-use-your-gift-card-program-desktop-300x208.png 300w, https:\/\/www.spoonity.com\/wp-content\/uploads\/2023\/11\/spoonity-use-your-gift-card-program-desktop-768x532.png 768w, https:\/\/www.spoonity.com\/wp-content\/uploads\/2023\/11\/spoonity-use-your-gift-card-program-desktop-1536x1063.png 1536w, https:\/\/www.spoonity.com\/wp-content\/uploads\/2023\/11\/spoonity-use-your-gift-card-program-desktop-2048x1418.png 2048w\" sizes=\"auto, (max-width: 800px) 100vw, 800px\" \/>\t\t\t\t\t\t\t\t\t\t\t\t\t\t\t<\/div>\n\t\t\t\t<\/div>\n\t\t\t\t<div class=\"elementor-element elementor-element-73ee014 elementor-widget elementor-widget-text-editor\" data-id=\"73ee014\" data-element_type=\"widget\" data-e-type=\"widget\" data-widget_type=\"text-editor.default\">\n\t\t\t\t<div class=\"elementor-widget-container\">\n\t\t\t\t\t\t\t\t\t<h1>\u00a1Cont\u00e1ctanos!<\/h1>\t\t\t\t\t\t\t\t<\/div>\n\t\t\t\t<\/div>\n\t\t\t\t<div class=\"elementor-element elementor-element-9d34b74 elementor-widget elementor-widget-text-editor\" data-id=\"9d34b74\" data-element_type=\"widget\" data-e-type=\"widget\" data-widget_type=\"text-editor.default\">\n\t\t\t\t<div class=\"elementor-widget-container\">\n\t\t\t\t\t\t\t\t\t<p>\u00bfPreparado para dar el paso hacia el futuro de la fidelizaci\u00f3n?<\/p>\n<p>Rellena el siguiente formulario y haz crecer tu negocio con Spoonity.<\/p>\n\t\t\t\t\t\t\t\t<\/div>\n\t\t\t\t<\/div>\n\t\t\t\t<div class=\"elementor-element elementor-element-20e90a1 elementor-widget elementor-widget-html\" data-id=\"20e90a1\" data-element_type=\"widget\" data-e-type=\"widget\" data-widget_type=\"html.default\">\n\t\t\t\t<div class=\"elementor-widget-container\">\n\t\t\t\t\t<script charset=\"utf-8\" type=\"text\/javascript\" src=\"\/\/js.hsforms.net\/forms\/embed\/v2.js\"><\/script>\r\n<script>\r\n  hbspt.forms.create({\r\n    region: \"na1\",\r\n    portalId: \"2073904\",\r\n    formId: \"697f3b33-f56d-48d6-ab5f-c190c703f463\"\r\n  });\r\n<\/script>\t\t\t\t<\/div>\n\t\t\t\t<\/div>\n\t\t\t\t<\/div>\n\t\t<div class=\"elementor-element elementor-element-3d7f7c8 e-con-full e-flex e-con e-child\" data-id=\"3d7f7c8\" data-element_type=\"container\" data-e-type=\"container\" data-settings=\"{&quot;jet_parallax_layout_list&quot;:[]}\">\n\t\t\t\t<div class=\"elementor-element elementor-element-9afaf4c elementor-absolute elementor-widget elementor-widget-image\" data-id=\"9afaf4c\" data-element_type=\"widget\" data-e-type=\"widget\" data-settings=\"{&quot;_position&quot;:&quot;absolute&quot;}\" data-widget_type=\"image.default\">\n\t\t\t\t<div class=\"elementor-widget-container\">\n\t\t\t\t\t\t\t\t\t\t\t\t\t\t\t<img title=\"Spoonity Leverage Ai To Map Out Specific Purchasing Desktop | Contacto\" loading=\"lazy\" decoding=\"async\" width=\"800\" height=\"581\" src=\"https:\/\/www.spoonity.com\/wp-content\/uploads\/2023\/10\/Spoonity-leverage-ai-to-map-out-specific-purchasing-desktop.svg\" class=\"attachment-large size-large wp-image-9002\" alt=\"Fondo naranja degradado - Spoonity, el futuro de la fidelizaci\u00f3n de clientes\" \/>\t\t\t\t\t\t\t\t\t\t\t\t\t\t\t<\/div>\n\t\t\t\t<\/div>\n\t\t\t\t<div class=\"elementor-element elementor-element-cbb9f8d elementor-widget elementor-widget-image\" data-id=\"cbb9f8d\" data-element_type=\"widget\" data-e-type=\"widget\" data-widget_type=\"image.default\">\n\t\t\t\t<div class=\"elementor-widget-container\">\n\t\t\t\t\t\t\t\t\t\t\t\t\t\t\t<img title=\"Spoonity Contact Loyalty Program Desktop | Contacto\" loading=\"lazy\" decoding=\"async\" width=\"756\" height=\"383\" src=\"https:\/\/www.spoonity.com\/wp-content\/uploads\/2023\/11\/spoonity-contact-loyalty-program-desktop.webp\" class=\"attachment-large size-large wp-image-9218\" alt=\"Spoonity Contact Loyalty Program Desktop | Contacto\" srcset=\"https:\/\/www.spoonity.com\/wp-content\/uploads\/2023\/11\/spoonity-contact-loyalty-program-desktop.webp 756w, https:\/\/www.spoonity.com\/wp-content\/uploads\/2023\/11\/spoonity-contact-loyalty-program-desktop-300x152.webp 300w\" sizes=\"auto, (max-width: 756px) 100vw, 756px\" \/>\t\t\t\t\t\t\t\t\t\t\t\t\t\t\t<\/div>\n\t\t\t\t<\/div>\n\t\t\t\t<div class=\"elementor-element elementor-element-e2b0d8b elementor-widget-divider--view-line elementor-widget elementor-widget-divider\" data-id=\"e2b0d8b\" data-element_type=\"widget\" data-e-type=\"widget\" data-widget_type=\"divider.default\">\n\t\t\t\t<div class=\"elementor-widget-container\">\n\t\t\t\t\t\t\t<div class=\"elementor-divider\">\n\t\t\t<span class=\"elementor-divider-separator\">\n\t\t\t\t\t\t<\/span>\n\t\t<\/div>\n\t\t\t\t\t\t<\/div>\n\t\t\t\t<\/div>\n\t\t\t\t<div class=\"elementor-element elementor-element-ed6079b elementor-widget elementor-widget-text-editor\" data-id=\"ed6079b\" data-element_type=\"widget\" data-e-type=\"widget\" data-widget_type=\"text-editor.default\">\n\t\t\t\t<div class=\"elementor-widget-container\">\n\t\t\t\t\t\t\t\t\t<span style=\"color: #640c6f;\"><strong>Soporte <\/strong><\/span><br>Para nuestros clientes actuales que buscan asistencia, pueden escribirnos a\n<a style=\"text-decoration: underline;\" href=\"mailto:support@spoonity.com\"> support@spoonity.com<\/a>\t\t\t\t\t\t\t\t<\/div>\n\t\t\t\t<\/div>\n\t\t\t\t<div class=\"elementor-element elementor-element-95ca352 elementor-widget elementor-widget-text-editor\" data-id=\"95ca352\" data-element_type=\"widget\" data-e-type=\"widget\" data-widget_type=\"text-editor.default\">\n\t\t\t\t<div class=\"elementor-widget-container\">\n\t\t\t\t\t\t\t\t\t<p><span style=\"color: #640c6f;\"><strong>Socios<\/strong><\/span><span style=\"font-weight: 400;\"><br \/>Para los revendedores y proveedores de tecnolog\u00eda que deseen asociarse con nosotros, pueden consultar aqu\u00ed <a href=\"https:\/\/spoonity.com\/es\/socios-en-lealtad\/\"><span style=\"color: #ff7e3d;\"><strong>nuestros modelos de colaboraci\u00f3n.<\/strong><\/span><\/a><\/span><\/p>\t\t\t\t\t\t\t\t<\/div>\n\t\t\t\t<\/div>\n\t\t\t\t<\/div>\n\t\t\t\t<\/div>\n\t\t<div class=\"elementor-element elementor-element-add3454 e-con-full elementor-hidden-desktop elementor-hidden-tablet e-flex e-con e-parent\" data-id=\"add3454\" data-element_type=\"container\" data-e-type=\"container\" data-settings=\"{&quot;jet_parallax_layout_list&quot;:[]}\">\n\t\t<div class=\"elementor-element elementor-element-37f1a45 e-con-full e-flex e-con e-child\" data-id=\"37f1a45\" data-element_type=\"container\" data-e-type=\"container\" data-settings=\"{&quot;jet_parallax_layout_list&quot;:[]}\">\n\t\t<div class=\"elementor-element elementor-element-2d7d445 e-con-full e-flex e-con e-child\" data-id=\"2d7d445\" data-element_type=\"container\" data-e-type=\"container\" data-settings=\"{&quot;jet_parallax_layout_list&quot;:[]}\">\n\t\t\t\t<div class=\"elementor-element elementor-element-40fafca elementor-absolute elementor-widget elementor-widget-image\" data-id=\"40fafca\" data-element_type=\"widget\" data-e-type=\"widget\" data-settings=\"{&quot;_position&quot;:&quot;absolute&quot;}\" data-widget_type=\"image.default\">\n\t\t\t\t<div class=\"elementor-widget-container\">\n\t\t\t\t\t\t\t\t\t\t\t\t\t\t\t<img title=\"Spoonity Leverage Ai To Map Out Specific Purchasing Desktop | Contacto\" loading=\"lazy\" decoding=\"async\" width=\"800\" height=\"581\" src=\"https:\/\/www.spoonity.com\/wp-content\/uploads\/2023\/10\/Spoonity-leverage-ai-to-map-out-specific-purchasing-desktop.svg\" class=\"attachment-large size-large wp-image-9002\" alt=\"Fondo naranja degradado - Spoonity, el futuro de la fidelizaci\u00f3n de clientes\" \/>\t\t\t\t\t\t\t\t\t\t\t\t\t\t\t<\/div>\n\t\t\t\t<\/div>\n\t\t\t\t<div class=\"elementor-element elementor-element-c904994 elementor-widget elementor-widget-image\" data-id=\"c904994\" data-element_type=\"widget\" data-e-type=\"widget\" data-widget_type=\"image.default\">\n\t\t\t\t<div class=\"elementor-widget-container\">\n\t\t\t\t\t\t\t\t\t\t\t\t\t\t\t<img title=\"Spoonity Contact Loyalty Program Desktop | Contacto\" loading=\"lazy\" decoding=\"async\" width=\"756\" height=\"383\" src=\"https:\/\/www.spoonity.com\/wp-content\/uploads\/2023\/11\/spoonity-contact-loyalty-program-desktop.webp\" class=\"attachment-large size-large wp-image-9218\" alt=\"Spoonity Contact Loyalty Program Desktop | Contacto\" srcset=\"https:\/\/www.spoonity.com\/wp-content\/uploads\/2023\/11\/spoonity-contact-loyalty-program-desktop.webp 756w, https:\/\/www.spoonity.com\/wp-content\/uploads\/2023\/11\/spoonity-contact-loyalty-program-desktop-300x152.webp 300w\" sizes=\"auto, (max-width: 756px) 100vw, 756px\" \/>\t\t\t\t\t\t\t\t\t\t\t\t\t\t\t<\/div>\n\t\t\t\t<\/div>\n\t\t\t\t<div class=\"elementor-element elementor-element-ead7c6c elementor-widget-divider--view-line elementor-widget elementor-widget-divider\" data-id=\"ead7c6c\" data-element_type=\"widget\" data-e-type=\"widget\" data-widget_type=\"divider.default\">\n\t\t\t\t<div class=\"elementor-widget-container\">\n\t\t\t\t\t\t\t<div class=\"elementor-divider\">\n\t\t\t<span class=\"elementor-divider-separator\">\n\t\t\t\t\t\t<\/span>\n\t\t<\/div>\n\t\t\t\t\t\t<\/div>\n\t\t\t\t<\/div>\n\t\t\t\t<div class=\"elementor-element elementor-element-8352696 elementor-widget elementor-widget-text-editor\" data-id=\"8352696\" data-element_type=\"widget\" data-e-type=\"widget\" data-widget_type=\"text-editor.default\">\n\t\t\t\t<div class=\"elementor-widget-container\">\n\t\t\t\t\t\t\t\t\t<span style=\"color: #640c6f;\"><strong>Soporte<\/strong><\/span><br><br>\n\nPara nuestros clientes actuales que buscan asistencia, pueden escribirnos a\n<a style=\"text-decoration: underline;\" href=\"mailto:support@spoonity.com\"> support@spoonity.com<\/a>\t\t\t\t\t\t\t\t<\/div>\n\t\t\t\t<\/div>\n\t\t\t\t<div class=\"elementor-element elementor-element-acd059d elementor-widget elementor-widget-text-editor\" data-id=\"acd059d\" data-element_type=\"widget\" data-e-type=\"widget\" data-widget_type=\"text-editor.default\">\n\t\t\t\t<div class=\"elementor-widget-container\">\n\t\t\t\t\t\t\t\t\t<p><span style=\"color: #640c6f;\"><strong>Socios<\/strong><\/span><\/p>\n<p><span style=\"font-weight: 400;\">Para los revendedores y proveedores de tecnolog\u00eda que deseen asociarse con nosotros, pueden consultar aqu\u00ed <a href=\"https:\/\/spoonity.com\/partner-with-spoonity\/\"><span style=\"color: #ff7e3d;\"><strong>nuestros modelos de colaboraci\u00f3n.<\/strong><\/span><\/a><\/span><\/p>\n\t\t\t\t\t\t\t\t<\/div>\n\t\t\t\t<\/div>\n\t\t\t\t<\/div>\n\t\t\t\t<div class=\"elementor-element elementor-element-1731c51 elementor-absolute elementor-widget elementor-widget-image\" data-id=\"1731c51\" data-element_type=\"widget\" data-e-type=\"widget\" data-settings=\"{&quot;_position&quot;:&quot;absolute&quot;}\" data-widget_type=\"image.default\">\n\t\t\t\t<div class=\"elementor-widget-container\">\n\t\t\t\t\t\t\t\t\t\t\t\t\t\t\t<img title=\"Spoonity Use Your Gift Card Program Desktop | Tarjetas De Regalo\" loading=\"lazy\" decoding=\"async\" width=\"800\" height=\"554\" src=\"https:\/\/www.spoonity.com\/wp-content\/uploads\/2023\/11\/spoonity-use-your-gift-card-program-desktop-1024x709.png\" class=\"attachment-large size-large wp-image-9130\" alt=\"Spoonity Use Your Gift Card Program Desktop | Tarjetas De Regalo\" srcset=\"https:\/\/www.spoonity.com\/wp-content\/uploads\/2023\/11\/spoonity-use-your-gift-card-program-desktop-1024x709.png 1024w, https:\/\/www.spoonity.com\/wp-content\/uploads\/2023\/11\/spoonity-use-your-gift-card-program-desktop-300x208.png 300w, https:\/\/www.spoonity.com\/wp-content\/uploads\/2023\/11\/spoonity-use-your-gift-card-program-desktop-768x532.png 768w, https:\/\/www.spoonity.com\/wp-content\/uploads\/2023\/11\/spoonity-use-your-gift-card-program-desktop-1536x1063.png 1536w, https:\/\/www.spoonity.com\/wp-content\/uploads\/2023\/11\/spoonity-use-your-gift-card-program-desktop-2048x1418.png 2048w\" sizes=\"auto, (max-width: 800px) 100vw, 800px\" \/>\t\t\t\t\t\t\t\t\t\t\t\t\t\t\t<\/div>\n\t\t\t\t<\/div>\n\t\t\t\t<div class=\"elementor-element elementor-element-1b7ff27 elementor-widget elementor-widget-text-editor\" data-id=\"1b7ff27\" data-element_type=\"widget\" data-e-type=\"widget\" data-widget_type=\"text-editor.default\">\n\t\t\t\t<div class=\"elementor-widget-container\">\n\t\t\t\t\t\t\t\t\t<p>\u00a1Cont\u00e1ctanos!<\/p>\n\t\t\t\t\t\t\t\t<\/div>\n\t\t\t\t<\/div>\n\t\t\t\t<div class=\"elementor-element elementor-element-3ff6f66 elementor-widget elementor-widget-text-editor\" data-id=\"3ff6f66\" data-element_type=\"widget\" data-e-type=\"widget\" data-widget_type=\"text-editor.default\">\n\t\t\t\t<div class=\"elementor-widget-container\">\n\t\t\t\t\t\t\t\t\t<p>\u00bfPreparado para dar el paso hacia el futuro de la fidelizaci\u00f3n?<\/p>\n<p>Rellena el siguiente formulario y haz crecer tu negocio con Spoonity.<\/p>\n\t\t\t\t\t\t\t\t<\/div>\n\t\t\t\t<\/div>\n\t\t\t\t<div class=\"elementor-element elementor-element-3a88da3 elementor-widget elementor-widget-html\" data-id=\"3a88da3\" data-element_type=\"widget\" data-e-type=\"widget\" data-widget_type=\"html.default\">\n\t\t\t\t<div class=\"elementor-widget-container\">\n\t\t\t\t\t<script charset=\"utf-8\" type=\"text\/javascript\" src=\"\/\/js.hsforms.net\/forms\/embed\/v2.js\"><\/script><script>hbspt.forms.create({\n    region: \"na1\",\n    portalId: \"2073904\",\n    formId: \"218d75ce-7e35-441c-bf66-b2955856b63c\"\n  });\n<\/script>\t\t\t\t<\/div>\n\t\t\t\t<\/div>\n\t\t\t\t<\/div>\n\t\t\t\t<\/div>\n\t\t\t\t<\/div>\n\t\t","protected":false},"excerpt":{"rendered":"<p>\u00a1Cont\u00e1ctanos! \u00bfPreparado para dar el paso hacia el futuro de la fidelizaci\u00f3n? Rellena el siguiente formulario y haz crecer tu negocio con Spoonity. Soporte Para nuestros clientes actuales que buscan asistencia, pueden escribirnos a support@spoonity.com SociosPara los revendedores y proveedores de tecnolog\u00eda que deseen asociarse con nosotros, pueden consultar aqu\u00ed nuestros modelos de colaboraci\u00f3n. Soporte [&hellip;]<\/p>\n","protected":false},"author":16,"featured_media":9218,"parent":0,"menu_order":0,"comment_status":"closed","ping_status":"closed","template":"elementor_header_footer","meta":{"content-type":"","footnotes":""},"class_list":["post-11552","page","type-page","status-publish","has-post-thumbnail","hentry"],"yoast_head":"<!-- This site is optimized with the Yoast SEO Premium plugin v27.2 (Yoast SEO v27.3) - https:\/\/yoast.com\/product\/yoast-seo-premium-wordpress\/ -->\n<title>Contacto | Spoonity<\/title>\n<meta name=\"robots\" content=\"index, follow, max-snippet:-1, max-image-preview:large, max-video-preview:-1\" \/>\n<link rel=\"canonical\" href=\"https:\/\/www.spoonity.com\/contact\/\" \/>\n<meta property=\"og:locale\" content=\"es_ES\" \/>\n<meta property=\"og:type\" content=\"article\" \/>\n<meta property=\"og:title\" content=\"Contacto\" \/>\n<meta property=\"og:description\" content=\"\u00a1Cont\u00e1ctanos! \u00bfPreparado para dar el paso hacia el futuro de la fidelizaci\u00f3n? Rellena el siguiente formulario y haz crecer tu negocio con Spoonity. Soporte Para nuestros clientes actuales que buscan asistencia, pueden escribirnos a support@spoonity.com SociosPara los revendedores y proveedores de tecnolog\u00eda que deseen asociarse con nosotros, pueden consultar aqu\u00ed nuestros modelos de colaboraci\u00f3n. Soporte [&hellip;]\" \/>\n<meta property=\"og:url\" content=\"https:\/\/www.spoonity.com\/contact\/\" \/>\n<meta property=\"og:site_name\" content=\"Spoonity\" \/>\n<meta property=\"article:modified_time\" content=\"2026-04-08T16:03:14+00:00\" \/>\n<meta property=\"og:image\" content=\"https:\/\/www.spoonity.com\/wp-content\/uploads\/2023\/11\/spoonity-contact-loyalty-program-desktop.webp\" \/>\n\t<meta property=\"og:image:width\" content=\"756\" \/>\n\t<meta property=\"og:image:height\" content=\"383\" \/>\n\t<meta property=\"og:image:type\" content=\"image\/webp\" \/>\n<meta name=\"twitter:card\" content=\"summary_large_image\" \/>\n<meta name=\"twitter:label1\" content=\"Tiempo de lectura\" \/>\n\t<meta name=\"twitter:data1\" content=\"2 minutos\" \/>\n<script type=\"application\/ld+json\" class=\"yoast-schema-graph\">{\"@context\":\"https:\\\/\\\/schema.org\",\"@graph\":[{\"@type\":[\"WebPage\",\"ContactPage\"],\"@id\":\"https:\\\/\\\/www.spoonity.com\\\/contact\\\/\",\"url\":\"https:\\\/\\\/www.spoonity.com\\\/contact\\\/\",\"name\":\"Contacto | Spoonity\",\"isPartOf\":{\"@id\":\"https:\\\/\\\/www.spoonity.com\\\/#website\"},\"primaryImageOfPage\":{\"@id\":\"https:\\\/\\\/www.spoonity.com\\\/contact\\\/#primaryimage\"},\"image\":{\"@id\":\"https:\\\/\\\/www.spoonity.com\\\/contact\\\/#primaryimage\"},\"thumbnailUrl\":\"https:\\\/\\\/www.spoonity.com\\\/wp-content\\\/uploads\\\/2023\\\/11\\\/spoonity-contact-loyalty-program-desktop.webp\",\"datePublished\":\"2023-11-09T11:47:36+00:00\",\"dateModified\":\"2026-04-08T16:03:14+00:00\",\"breadcrumb\":{\"@id\":\"https:\\\/\\\/www.spoonity.com\\\/contact\\\/#breadcrumb\"},\"inLanguage\":\"es\",\"potentialAction\":[{\"@type\":\"ReadAction\",\"target\":[\"https:\\\/\\\/www.spoonity.com\\\/contact\\\/\"]}]},{\"@type\":\"ImageObject\",\"inLanguage\":\"es\",\"@id\":\"https:\\\/\\\/www.spoonity.com\\\/contact\\\/#primaryimage\",\"url\":\"https:\\\/\\\/www.spoonity.com\\\/wp-content\\\/uploads\\\/2023\\\/11\\\/spoonity-contact-loyalty-program-desktop.webp\",\"contentUrl\":\"https:\\\/\\\/www.spoonity.com\\\/wp-content\\\/uploads\\\/2023\\\/11\\\/spoonity-contact-loyalty-program-desktop.webp\",\"width\":756,\"height\":383},{\"@type\":\"BreadcrumbList\",\"@id\":\"https:\\\/\\\/www.spoonity.com\\\/contact\\\/#breadcrumb\",\"itemListElement\":[{\"@type\":\"ListItem\",\"position\":1,\"name\":\"Home\",\"item\":\"https:\\\/\\\/www.spoonity.com\\\/\"},{\"@type\":\"ListItem\",\"position\":2,\"name\":\"Contacto\"}]},{\"@type\":\"WebSite\",\"@id\":\"https:\\\/\\\/www.spoonity.com\\\/#website\",\"url\":\"https:\\\/\\\/www.spoonity.com\\\/\",\"name\":\"Spoonity\",\"description\":\"\",\"potentialAction\":[{\"@type\":\"SearchAction\",\"target\":{\"@type\":\"EntryPoint\",\"urlTemplate\":\"https:\\\/\\\/www.spoonity.com\\\/?s={search_term_string}\"},\"query-input\":{\"@type\":\"PropertyValueSpecification\",\"valueRequired\":true,\"valueName\":\"search_term_string\"}}],\"inLanguage\":\"es\"}]}<\/script>\n<!-- \/ Yoast SEO Premium plugin. -->","yoast_head_json":{"title":"Contacto | Spoonity","robots":{"index":"index","follow":"follow","max-snippet":"max-snippet:-1","max-image-preview":"max-image-preview:large","max-video-preview":"max-video-preview:-1"},"canonical":"https:\/\/www.spoonity.com\/contact\/","og_locale":"es_ES","og_type":"article","og_title":"Contacto","og_description":"\u00a1Cont\u00e1ctanos! \u00bfPreparado para dar el paso hacia el futuro de la fidelizaci\u00f3n? Rellena el siguiente formulario y haz crecer tu negocio con Spoonity. Soporte Para nuestros clientes actuales que buscan asistencia, pueden escribirnos a support@spoonity.com SociosPara los revendedores y proveedores de tecnolog\u00eda que deseen asociarse con nosotros, pueden consultar aqu\u00ed nuestros modelos de colaboraci\u00f3n. Soporte [&hellip;]","og_url":"https:\/\/www.spoonity.com\/contact\/","og_site_name":"Spoonity","article_modified_time":"2026-04-08T16:03:14+00:00","og_image":[{"width":756,"height":383,"url":"https:\/\/www.spoonity.com\/wp-content\/uploads\/2023\/11\/spoonity-contact-loyalty-program-desktop.webp","type":"image\/webp"}],"twitter_card":"summary_large_image","twitter_misc":{"Tiempo de lectura":"2 minutos"},"schema":{"@context":"https:\/\/schema.org","@graph":[{"@type":["WebPage","ContactPage"],"@id":"https:\/\/www.spoonity.com\/contact\/","url":"https:\/\/www.spoonity.com\/contact\/","name":"Contacto | Spoonity","isPartOf":{"@id":"https:\/\/www.spoonity.com\/#website"},"primaryImageOfPage":{"@id":"https:\/\/www.spoonity.com\/contact\/#primaryimage"},"image":{"@id":"https:\/\/www.spoonity.com\/contact\/#primaryimage"},"thumbnailUrl":"https:\/\/www.spoonity.com\/wp-content\/uploads\/2023\/11\/spoonity-contact-loyalty-program-desktop.webp","datePublished":"2023-11-09T11:47:36+00:00","dateModified":"2026-04-08T16:03:14+00:00","breadcrumb":{"@id":"https:\/\/www.spoonity.com\/contact\/#breadcrumb"},"inLanguage":"es","potentialAction":[{"@type":"ReadAction","target":["https:\/\/www.spoonity.com\/contact\/"]}]},{"@type":"ImageObject","inLanguage":"es","@id":"https:\/\/www.spoonity.com\/contact\/#primaryimage","url":"https:\/\/www.spoonity.com\/wp-content\/uploads\/2023\/11\/spoonity-contact-loyalty-program-desktop.webp","contentUrl":"https:\/\/www.spoonity.com\/wp-content\/uploads\/2023\/11\/spoonity-contact-loyalty-program-desktop.webp","width":756,"height":383},{"@type":"BreadcrumbList","@id":"https:\/\/www.spoonity.com\/contact\/#breadcrumb","itemListElement":[{"@type":"ListItem","position":1,"name":"Home","item":"https:\/\/www.spoonity.com\/"},{"@type":"ListItem","position":2,"name":"Contacto"}]},{"@type":"WebSite","@id":"https:\/\/www.spoonity.com\/#website","url":"https:\/\/www.spoonity.com\/","name":"Spoonity","description":"","potentialAction":[{"@type":"SearchAction","target":{"@type":"EntryPoint","urlTemplate":"https:\/\/www.spoonity.com\/?s={search_term_string}"},"query-input":{"@type":"PropertyValueSpecification","valueRequired":true,"valueName":"search_term_string"}}],"inLanguage":"es"}]}},"_links":{"self":[{"href":"https:\/\/www.spoonity.com\/es\/wp-json\/wp\/v2\/pages\/11552","targetHints":{"allow":["GET"]}}],"collection":[{"href":"https:\/\/www.spoonity.com\/es\/wp-json\/wp\/v2\/pages"}],"about":[{"href":"https:\/\/www.spoonity.com\/es\/wp-json\/wp\/v2\/types\/page"}],"author":[{"embeddable":true,"href":"https:\/\/www.spoonity.com\/es\/wp-json\/wp\/v2\/users\/16"}],"replies":[{"embeddable":true,"href":"https:\/\/www.spoonity.com\/es\/wp-json\/wp\/v2\/comments?post=11552"}],"version-history":[{"count":0,"href":"https:\/\/www.spoonity.com\/es\/wp-json\/wp\/v2\/pages\/11552\/revisions"}],"wp:featuredmedia":[{"embeddable":true,"href":"https:\/\/www.spoonity.com\/es\/wp-json\/wp\/v2\/media\/9218"}],"wp:attachment":[{"href":"https:\/\/www.spoonity.com\/es\/wp-json\/wp\/v2\/media?parent=11552"}],"curies":[{"name":"wp","href":"https:\/\/api.w.org\/{rel}","templated":true}]}}